{"id":14806,"date":"2022-03-04T19:41:04","date_gmt":"2022-03-04T16:41:04","guid":{"rendered":"https:\/\/overlando.com\/kontakt\/"},"modified":"2026-02-18T15:45:54","modified_gmt":"2026-02-18T12:45:54","slug":"kontakt","status":"publish","type":"page","link":"https:\/\/overlando.com\/de\/kontakt\/","title":{"rendered":"Kontakt"},"content":{"rendered":"<div class=\"wp-block-image\">\n<figure class=\"alignright\"><img loading=\"lazy\" decoding=\"async\" width=\"192\" height=\"200\" src=\"https:\/\/www.overlando.com\/wp-content\/uploads\/2019\/01\/OverlandoNew1_rgb.svg\" alt=\"Overlando-Logo\" class=\"wp-image-1785\"\/><\/figure>\n<\/div>\n\n\n<p>Vielen Dank f\u00fcr deinen Besuch auf unserer Website. Solltest du Fragen haben, wende dich bitte direkt \u00fcber eine der unten angegebenen Kontaktm\u00f6glichkeiten an uns. Wir helfen immer gerne!<\/p>\n\n\n\n<h4 class=\"wp-block-heading\" id=\"send-us-a-message\">\u2709\ufe0f Schick uns eine Nachricht!<\/h4>\n\n\n\n<i class=\"fa fa-envelope-o\" style=\"color: #000000\"><\/i>   <a href=\"mailto:hello@overlando.com\">hello@overlando.com<\/a><br><i class=\"fa fa-laptop\" style=\"color: #000000\"><\/i>  <a href=\"http:\/\/www.overlando.com\">www.overlando.com<\/a><\/p>\n\n\n<h4>\u260e\ufe0f&nbsp; Ruf uns an!<\/h4>\n<p>Unter diesen Telefonnummern sind wir erreichbar. W\u00e4hle die am besten geeignete Rufnummer f\u00fcr deinen Standort aus.<span class=\"emoji\"><br \/><\/span><\/p>\n\n\n<figure class=\"wp-block-table\"><table><tbody><tr><td>\u260e\ufe0f +995-322197500<strong><br\/><\/strong><\/td><td>\u260e\ufe0f +31-850013703<\/td><\/tr><\/tbody><\/table><\/figure>\n\n\n\n<p><em>Wir sprechen Englisch und Niederl\u00e4ndisch<\/em><\/p>\n\n\n\n<h4 class=\"wp-block-heading\" id=\"legal\">Rechtsgrundlagen<\/h4>\n\n\n\n<p><\/p>\n\n\n\n<p><a href=\"https:\/\/overlando.com\/de\/mietbedingungen-und-konditionen\/\" target=\"_blank\" rel=\"noreferrer noopener\">Mietvertrag<br><\/a> <a href=\"https:\/\/www.overlando.com\/privacy-policy\/\">Datenschutz-Bestimmungen<\/a><\/p>\n\n\n\n<h4 class=\"wp-block-heading\" id=\"company-details\">\ud83c\udfe2 Firmendaten<\/h4>\n\n\n\n<figure class=\"wp-block-table\"><table><tbody><tr><td><strong>Overlando LLC<\/strong><br><strong>\u10e8\u10de\u10e1 \u10dd\u10d5\u10d4\u10e0\u10da\u10d0\u10dc\u10d3\u10dd<br><\/strong> Almond Graden Area<br>Tiflis, Georgien<\/td><td>Buchungsabwicklung:<br>Skredder BV &#8211; NL<br>KvK: 61480371<\/td><\/tr><\/tbody><\/table><\/figure>\n","protected":false},"excerpt":{"rendered":"<p>Vielen Dank f\u00fcr deinen Besuch auf unserer Website. Solltest du Fragen haben, wende dich bitte direkt \u00fcber eine der unten angegebenen Kontaktm\u00f6glichkeiten an uns. Wir helfen immer gerne! \u2709\ufe0f Schick uns eine Nachricht! hello@overlando.com www.overlando.com \u260e\ufe0f&nbsp; Ruf uns an! Unter diesen Telefonnummern sind wir erreichbar. W\u00e4hle die am besten geeignete Rufnummer f\u00fcr deinen Standort aus. [&hellip;]<\/p>\n","protected":false},"author":1,"featured_media":0,"parent":0,"menu_order":0,"comment_status":"closed","ping_status":"closed","template":"","meta":{"pgc_sgb_lightbox_settings":"","footnotes":""},"class_list":["post-14806","page","type-page","status-publish","hentry"],"yoast_head":"<!-- This site is optimized with the Yoast SEO plugin v27.5 - https:\/\/yoast.com\/product\/yoast-seo-wordpress\/ -->\n<title>Kontakt - Overlando Campers<\/title>\n<meta name=\"description\" content=\"Awesome road trips in Georgia \ud83c\uddec\ud83c\uddea Embark on a great self-driving adventure and explore the beautiful nature of the Caucasus region in style with our fully equipped 4x4 camping cars. Just pack your bags and hit the road!\" \/>\n<meta name=\"robots\" content=\"index, follow, max-snippet:-1, max-image-preview:large, max-video-preview:-1\" \/>\n<link rel=\"canonical\" href=\"https:\/\/overlando.com\/de\/kontakt\/\" \/>\n<meta property=\"og:locale\" content=\"de_DE\" \/>\n<meta property=\"og:type\" content=\"article\" \/>\n<meta property=\"og:title\" content=\"Kontakt - Overlando Campers\" \/>\n<meta property=\"og:description\" content=\"Awesome road trips in Georgia \ud83c\uddec\ud83c\uddea Embark on a great self-driving adventure and explore the beautiful nature of the Caucasus region in style with our fully equipped 4x4 camping cars. Just pack your bags and hit the road!\" \/>\n<meta property=\"og:url\" content=\"https:\/\/overlando.com\/de\/kontakt\/\" \/>\n<meta property=\"og:site_name\" content=\"Overlando Campers\" \/>\n<meta property=\"article:modified_time\" content=\"2026-02-18T12:45:54+00:00\" \/>\n<meta name=\"twitter:card\" content=\"summary_large_image\" \/>\n<meta name=\"twitter:label1\" content=\"Gesch\u00e4tzte Lesezeit\" \/>\n\t<meta name=\"twitter:data1\" content=\"1\u00a0Minute\" \/>\n<script type=\"application\/ld+json\" class=\"yoast-schema-graph\">{\"@context\":\"https:\\\/\\\/schema.org\",\"@graph\":[{\"@type\":\"WebPage\",\"@id\":\"https:\\\/\\\/overlando.com\\\/de\\\/kontakt\\\/\",\"url\":\"https:\\\/\\\/overlando.com\\\/de\\\/kontakt\\\/\",\"name\":\"Kontakt - Overlando Campers\",\"isPartOf\":{\"@id\":\"https:\\\/\\\/overlando.com\\\/de\\\/#website\"},\"primaryImageOfPage\":{\"@id\":\"https:\\\/\\\/overlando.com\\\/de\\\/kontakt\\\/#primaryimage\"},\"image\":{\"@id\":\"https:\\\/\\\/overlando.com\\\/de\\\/kontakt\\\/#primaryimage\"},\"thumbnailUrl\":\"https:\\\/\\\/www.overlando.com\\\/wp-content\\\/uploads\\\/2019\\\/01\\\/OverlandoNew1_rgb.svg\",\"datePublished\":\"2022-03-04T16:41:04+00:00\",\"dateModified\":\"2026-02-18T12:45:54+00:00\",\"description\":\"Awesome road trips in Georgia \ud83c\uddec\ud83c\uddea Embark on a great self-driving adventure and explore the beautiful nature of the Caucasus region in style with our fully equipped 4x4 camping cars. Just pack your bags and hit the road!\",\"breadcrumb\":{\"@id\":\"https:\\\/\\\/overlando.com\\\/de\\\/kontakt\\\/#breadcrumb\"},\"inLanguage\":\"de\",\"potentialAction\":[{\"@type\":\"ReadAction\",\"target\":[\"https:\\\/\\\/overlando.com\\\/de\\\/kontakt\\\/\"]}]},{\"@type\":\"ImageObject\",\"inLanguage\":\"de\",\"@id\":\"https:\\\/\\\/overlando.com\\\/de\\\/kontakt\\\/#primaryimage\",\"url\":\"https:\\\/\\\/www.overlando.com\\\/wp-content\\\/uploads\\\/2019\\\/01\\\/OverlandoNew1_rgb.svg\",\"contentUrl\":\"https:\\\/\\\/www.overlando.com\\\/wp-content\\\/uploads\\\/2019\\\/01\\\/OverlandoNew1_rgb.svg\"},{\"@type\":\"BreadcrumbList\",\"@id\":\"https:\\\/\\\/overlando.com\\\/de\\\/kontakt\\\/#breadcrumb\",\"itemListElement\":[{\"@type\":\"ListItem\",\"position\":1,\"name\":\"Home\",\"item\":\"https:\\\/\\\/overlando.com\\\/de\\\/startseite\\\/\"},{\"@type\":\"ListItem\",\"position\":2,\"name\":\"Kontakt\"}]},{\"@type\":\"WebSite\",\"@id\":\"https:\\\/\\\/overlando.com\\\/de\\\/#website\",\"url\":\"https:\\\/\\\/overlando.com\\\/de\\\/\",\"name\":\"Overlando Campers\",\"description\":\"Campervan rental adventures in Georgia and Armenia\",\"publisher\":{\"@id\":\"https:\\\/\\\/overlando.com\\\/de\\\/#organization\"},\"potentialAction\":[{\"@type\":\"SearchAction\",\"target\":{\"@type\":\"EntryPoint\",\"urlTemplate\":\"https:\\\/\\\/overlando.com\\\/de\\\/?s={search_term_string}\"},\"query-input\":{\"@type\":\"PropertyValueSpecification\",\"valueRequired\":true,\"valueName\":\"search_term_string\"}}],\"inLanguage\":\"de\"},{\"@type\":\"Organization\",\"@id\":\"https:\\\/\\\/overlando.com\\\/de\\\/#organization\",\"name\":\"Overlando Campervans\",\"url\":\"https:\\\/\\\/overlando.com\\\/de\\\/\",\"logo\":{\"@type\":\"ImageObject\",\"inLanguage\":\"de\",\"@id\":\"https:\\\/\\\/overlando.com\\\/de\\\/#\\\/schema\\\/logo\\\/image\\\/\",\"url\":\"https:\\\/\\\/overlando.com\\\/wp-content\\\/uploads\\\/2019\\\/01\\\/OverlandoNew1_rgb.svg\",\"contentUrl\":\"https:\\\/\\\/overlando.com\\\/wp-content\\\/uploads\\\/2019\\\/01\\\/OverlandoNew1_rgb.svg\",\"width\":192,\"height\":200,\"caption\":\"Overlando Campervans\"},\"image\":{\"@id\":\"https:\\\/\\\/overlando.com\\\/de\\\/#\\\/schema\\\/logo\\\/image\\\/\"}}]}<\/script>\n<!-- \/ Yoast SEO plugin. -->","yoast_head_json":{"title":"Kontakt - Overlando Campers","description":"Awesome road trips in Georgia \ud83c\uddec\ud83c\uddea Embark on a great self-driving adventure and explore the beautiful nature of the Caucasus region in style with our fully equipped 4x4 camping cars. Just pack your bags and hit the road!","robots":{"index":"index","follow":"follow","max-snippet":"max-snippet:-1","max-image-preview":"max-image-preview:large","max-video-preview":"max-video-preview:-1"},"canonical":"https:\/\/overlando.com\/de\/kontakt\/","og_locale":"de_DE","og_type":"article","og_title":"Kontakt - Overlando Campers","og_description":"Awesome road trips in Georgia \ud83c\uddec\ud83c\uddea Embark on a great self-driving adventure and explore the beautiful nature of the Caucasus region in style with our fully equipped 4x4 camping cars. Just pack your bags and hit the road!","og_url":"https:\/\/overlando.com\/de\/kontakt\/","og_site_name":"Overlando Campers","article_modified_time":"2026-02-18T12:45:54+00:00","twitter_card":"summary_large_image","twitter_misc":{"Gesch\u00e4tzte Lesezeit":"1\u00a0Minute"},"schema":{"@context":"https:\/\/schema.org","@graph":[{"@type":"WebPage","@id":"https:\/\/overlando.com\/de\/kontakt\/","url":"https:\/\/overlando.com\/de\/kontakt\/","name":"Kontakt - Overlando Campers","isPartOf":{"@id":"https:\/\/overlando.com\/de\/#website"},"primaryImageOfPage":{"@id":"https:\/\/overlando.com\/de\/kontakt\/#primaryimage"},"image":{"@id":"https:\/\/overlando.com\/de\/kontakt\/#primaryimage"},"thumbnailUrl":"https:\/\/www.overlando.com\/wp-content\/uploads\/2019\/01\/OverlandoNew1_rgb.svg","datePublished":"2022-03-04T16:41:04+00:00","dateModified":"2026-02-18T12:45:54+00:00","description":"Awesome road trips in Georgia \ud83c\uddec\ud83c\uddea Embark on a great self-driving adventure and explore the beautiful nature of the Caucasus region in style with our fully equipped 4x4 camping cars. Just pack your bags and hit the road!","breadcrumb":{"@id":"https:\/\/overlando.com\/de\/kontakt\/#breadcrumb"},"inLanguage":"de","potentialAction":[{"@type":"ReadAction","target":["https:\/\/overlando.com\/de\/kontakt\/"]}]},{"@type":"ImageObject","inLanguage":"de","@id":"https:\/\/overlando.com\/de\/kontakt\/#primaryimage","url":"https:\/\/www.overlando.com\/wp-content\/uploads\/2019\/01\/OverlandoNew1_rgb.svg","contentUrl":"https:\/\/www.overlando.com\/wp-content\/uploads\/2019\/01\/OverlandoNew1_rgb.svg"},{"@type":"BreadcrumbList","@id":"https:\/\/overlando.com\/de\/kontakt\/#breadcrumb","itemListElement":[{"@type":"ListItem","position":1,"name":"Home","item":"https:\/\/overlando.com\/de\/startseite\/"},{"@type":"ListItem","position":2,"name":"Kontakt"}]},{"@type":"WebSite","@id":"https:\/\/overlando.com\/de\/#website","url":"https:\/\/overlando.com\/de\/","name":"Overlando Campers","description":"Campervan rental adventures in Georgia and Armenia","publisher":{"@id":"https:\/\/overlando.com\/de\/#organization"},"potentialAction":[{"@type":"SearchAction","target":{"@type":"EntryPoint","urlTemplate":"https:\/\/overlando.com\/de\/?s={search_term_string}"},"query-input":{"@type":"PropertyValueSpecification","valueRequired":true,"valueName":"search_term_string"}}],"inLanguage":"de"},{"@type":"Organization","@id":"https:\/\/overlando.com\/de\/#organization","name":"Overlando Campervans","url":"https:\/\/overlando.com\/de\/","logo":{"@type":"ImageObject","inLanguage":"de","@id":"https:\/\/overlando.com\/de\/#\/schema\/logo\/image\/","url":"https:\/\/overlando.com\/wp-content\/uploads\/2019\/01\/OverlandoNew1_rgb.svg","contentUrl":"https:\/\/overlando.com\/wp-content\/uploads\/2019\/01\/OverlandoNew1_rgb.svg","width":192,"height":200,"caption":"Overlando Campervans"},"image":{"@id":"https:\/\/overlando.com\/de\/#\/schema\/logo\/image\/"}}]}},"_links":{"self":[{"href":"https:\/\/overlando.com\/de\/wp-json\/wp\/v2\/pages\/14806","targetHints":{"allow":["GET"]}}],"collection":[{"href":"https:\/\/overlando.com\/de\/wp-json\/wp\/v2\/pages"}],"about":[{"href":"https:\/\/overlando.com\/de\/wp-json\/wp\/v2\/types\/page"}],"author":[{"embeddable":true,"href":"https:\/\/overlando.com\/de\/wp-json\/wp\/v2\/users\/1"}],"replies":[{"embeddable":true,"href":"https:\/\/overlando.com\/de\/wp-json\/wp\/v2\/comments?post=14806"}],"version-history":[{"count":4,"href":"https:\/\/overlando.com\/de\/wp-json\/wp\/v2\/pages\/14806\/revisions"}],"predecessor-version":[{"id":18175,"href":"https:\/\/overlando.com\/de\/wp-json\/wp\/v2\/pages\/14806\/revisions\/18175"}],"wp:attachment":[{"href":"https:\/\/overlando.com\/de\/wp-json\/wp\/v2\/media?parent=14806"}],"curies":[{"name":"wp","href":"https:\/\/api.w.org\/{rel}","templated":true}]}}