{"id":14749,"date":"2022-02-17T15:37:01","date_gmt":"2022-02-17T12:37:01","guid":{"rendered":"https:\/\/overlando.com\/veelgestelde-vragen\/"},"modified":"2024-01-08T21:30:41","modified_gmt":"2024-01-08T18:30:41","slug":"faq","status":"publish","type":"page","link":"https:\/\/overlando.com\/de\/faq\/","title":{"rendered":"FAQ"},"content":{"rendered":"\n<p>Wir sind hier, um dir so gut und gut vorbereitet wie m\u00f6glich auf die Stra\u00dfe zu bringen. Auf dieser Seite findest du einige der am h\u00e4ufigsten gestellten Fragen. <\/p>\n\n<p>Hast du noch Fragen? <a href=\"https:\/\/www.overlando.com\/contact\">Schreib uns hier.<\/a><\/p>\n<style>.ewd-ufaq-faq-header-title a { margin: 50 !important; }.ewd-ufaq-faq-header-title a { padding: 100 !important; }div.ewd-ufaq-faq-categories, div.ewd-ufaq-faq-tags { margin: 50 !important; }.ewd-ufaq-faq-category-inner {\r\n    margin-bottom: 100px;\r\n}\r\n@media (min-width: 1200px) {\r\n.ewd-ufaq-faq-list {\r\n    margin-left: -20%;\r\n    margin-right: -20%;\r\n}\r\n}\r\n\r\n.ewd-ufaq-faq-category-title h4 {\r\n    padding-bottom: 20px;\r\n    padding-top: 40px;\r\n}\r\n\r\n.ewd-ufaq-faq-display-style-minimalist .ewd-ufaq-faq-body {\r\n\tpadding: 20px 25px 10px;\r\n\tpadding-left: 25px;\r\n}<\/style><div  class=\"ewd-ufaq-faq-list ewd-ufaq-page-type-infinite_scroll ewd-ufaq-category-tabs-\" id='ewd-ufaq-faq-list'>\n\n\t<input type='hidden' name='show_on_load' value='' id='ewd-ufaq-show-on-load' \/>\n<input type='hidden' name='include_category' value='' id='ewd-ufaq-include-category' \/>\n<input type='hidden' name='exclude_category' value='a-on-the-road' id='ewd-ufaq-exclude-category' \/>\n<input type='hidden' name='orderby' value='set_order' id='ewd-ufaq-orderby' \/>\n<input type='hidden' name='order' value='asc' id='ewd-ufaq-order' \/>\n<input type='hidden' name='post_count' value='-1' id='ewd-ufaq-post-count' \/>\n<input type='hidden' name='current_url' value='\/de\/wp-json\/wp\/v2\/pages\/14749' id='ewd-ufaq-current-url' \/>\n\t<div class='ewd-ufaq-expand-collapse-div'>\n\n\t<span class='ewd-ufaq-expand-all ' tabindex=\"0\">\n\t\t<span class='ewd-ufaq-toggle-all-symbol'>c<\/span> \n\t\tAlle ausklappen\t<\/span>\n\n\t<span class='ewd-ufaq-collapse-all ewd-ufaq-hidden' tabindex=\"0\">\n\t\t<span class='ewd-ufaq-toggle-all-symbol'>C<\/span>\n\t\tAlles einklappen\t<\/span>\n\n<\/div>\n\t\n\t<div class='ewd-ufaq-faqs'>\n\n\t\t<div id='ewd-ufaq-faq-category-uber-unsere-fahrzeuge' class='ewd-ufaq-faq-category'>\n\t\n\t<div class='ewd-ufaq-faq-category-title '  >\n\t\t\n\t\t<h4 title=\"Click here to open \u00dcber unsere Fahrzeuge\">\n\t\t\t\u00dcber unsere Fahrzeuge\t\t\t\t\t<\/h4>\n\n\t\t\t\n\t<\/div>\n\t\n\t<div class='ewd-ufaq-faq-category-inner ' >\n<div  class=\"ewd-ufaq-faq-div ewd-ufaq-faq-column-count-three ewd-ufaq-faq-responsive-columns-1 ewd-ufaq-faq-display-style-minimalist ewd-ufaq-can-be-toggled\" id='ewd-ufaq-post-14512-jqY4tRUvNZ' data-post_id='14512'>\n\n\t\t\n\t<div class='ewd-ufaq-faq-title ewd-ufaq-faq-toggle'>\n\t\n\t<a class='ewd-ufaq-post-margin'  href='#' role=\"button\">\n\n\t\t<div class='ewd-ufaq-post-margin-symbol ewd-ufaq-square'>\n\t\t\t<span >b<\/span>\n\t\t<\/div>\n\n\t\t<div class='ewd-ufaq-faq-title-text'>\n\n\t\t\t<h6>\n\t\t\t\tWie sieht es mit dem Kraftstoffverbrauch der Fahrzeuge aus?\t\t\t<\/h6>\n\n\t\t<\/div>\n\n\t\t<div class='ewd-ufaq-clear'><\/div>\n\n\t<\/a>\n\t\n<\/div>\n\t\n\t<div class='ewd-ufaq-faq-body ewd-ufaq-hidden' >\n\n\t\t\n\t\t\t\n\t\t\n\t\t\t<div class='ewd-ufaq-post-margin ewd-ufaq-faq-post'>\n\t\n<p>Da kommt es auf eine Reihe von Faktoren an, wie z. B. deinem Fahrstil und dem Gel\u00e4nde, auf dem du unterwegs bist. <\/p>\n\n<p>Der Buhanka hat einen Durchschnittsverbrauch von 10-15 Liter auf 100 km und ein Tankvolumen von 77 Liter.<br \/>Der Lada Niva hat einen Durchschnittsverbrauch von 10 Liter auf 100 km und ein Tankvolumen von 42 Liter.<br \/>Der Toyota Hilux hat einen Durchschnittsverbrauch von 9-10 Liter auf 100 km und ein Tankvolumen von 80 Liter.<\/p>\n\n<p>Petrol prices vary of course, but they average around \u20ac1,00 &#8211; \u20ac1,25 per liter. <\/p>\n<\/div>\n\t\t\n\t\t\t<div class='ewd-ufaq-faq-custom-fields'>\n\n\t\n<\/div>\n\t\t\n\t\t\t\n\t\t\n\t\t\t\n\t\t\n\t\t\t\n\t\t\n\t\t\t\n\t\t\n\t\t\t\n\t\t\n\t\t\t\n\t\t\n\t\t\t\n\t\t\n\t<\/div>\n\n<\/div><\/div>\n\n<\/div>\n<div id='ewd-ufaq-faq-category-vorabinformationen-zur-buchung' class='ewd-ufaq-faq-category'>\n\t\n\t<div class='ewd-ufaq-faq-category-title '  >\n\t\t\n\t\t<h4 title=\"Click here to open Vorabinformationen zur Buchung\">\n\t\t\tVorabinformationen zur Buchung\t\t\t\t\t<\/h4>\n\n\t\t\t\n\t<\/div>\n\t\n\t<div class='ewd-ufaq-faq-category-inner ' >\n<div  class=\"ewd-ufaq-faq-div ewd-ufaq-faq-column-count-three ewd-ufaq-faq-responsive-columns-1 ewd-ufaq-faq-display-style-minimalist ewd-ufaq-can-be-toggled\" id='ewd-ufaq-post-14511-LAqsRviviw' data-post_id='14511'>\n\n\t\t\n\t<div class='ewd-ufaq-faq-title ewd-ufaq-faq-toggle'>\n\t\n\t<a class='ewd-ufaq-post-margin'  href='#' role=\"button\">\n\n\t\t<div class='ewd-ufaq-post-margin-symbol ewd-ufaq-square'>\n\t\t\t<span >b<\/span>\n\t\t<\/div>\n\n\t\t<div class='ewd-ufaq-faq-title-text'>\n\n\t\t\t<h6>\n\t\t\t\tWo finde ich die AGBs?\t\t\t<\/h6>\n\n\t\t<\/div>\n\n\t\t<div class='ewd-ufaq-clear'><\/div>\n\n\t<\/a>\n\t\n<\/div>\n\t\n\t<div class='ewd-ufaq-faq-body ewd-ufaq-hidden' >\n\n\t\t\n\t\t\t\n\t\t\n\t\t\t<div class='ewd-ufaq-post-margin ewd-ufaq-faq-post'>\n\t\n<p><a href=\"https:\/\/www.overlando.com\/rental-terms-and-conditions\/\">Auf dieser Seite<\/a> findest du den aktuellen Mietvertrag, der unsere AGBs f\u00fcr die Fahrzeugvermietung beinhaltet. <\/p>\n\n<p>Unsere Datenschutzerkl\u00e4rung ist <a href=\"https:\/\/www.overlando.com\/privacy-policy\/\">hier ver\u00f6ffentlicht.<\/a><\/p>\n<\/div>\n\t\t\n\t\t\t<div class='ewd-ufaq-faq-custom-fields'>\n\n\t\n<\/div>\n\t\t\n\t\t\t\n\t\t\n\t\t\t\n\t\t\n\t\t\t\n\t\t\n\t\t\t\n\t\t\n\t\t\t\n\t\t\n\t\t\t\n\t\t\n\t\t\t\n\t\t\n\t<\/div>\n\n<\/div><\/div>\n\n<\/div>\n\n\t<\/div>\n\n\t\n<\/div>","protected":false},"excerpt":{"rendered":"<p>Wir sind hier, um dir so gut und gut vorbereitet wie m\u00f6glich auf die Stra\u00dfe zu bringen. Auf dieser Seite findest du einige der am h\u00e4ufigsten gestellten Fragen. Hast du noch Fragen? Schreib uns hier.<\/p>\n","protected":false},"author":1,"featured_media":0,"parent":0,"menu_order":0,"comment_status":"closed","ping_status":"closed","template":"","meta":{"pgc_sgb_lightbox_settings":"","footnotes":""},"class_list":["post-14749","page","type-page","status-publish","hentry"],"yoast_head":"<!-- This site is optimized with the Yoast SEO plugin v27.4 - https:\/\/yoast.com\/product\/yoast-seo-wordpress\/ -->\n<title>FAQ - Overlando Campers<\/title>\n<meta name=\"description\" content=\"Awesome road trips in Georgia \ud83c\uddec\ud83c\uddea Embark on a great self-driving adventure and explore the beautiful nature of the Caucasus region in style with our fully equipped 4x4 camping cars. Just pack your bags and hit the road!\" \/>\n<meta name=\"robots\" content=\"index, follow, max-snippet:-1, max-image-preview:large, max-video-preview:-1\" \/>\n<link rel=\"canonical\" href=\"https:\/\/overlando.com\/de\/faq\/\" \/>\n<meta property=\"og:locale\" content=\"de_DE\" \/>\n<meta property=\"og:type\" content=\"article\" \/>\n<meta property=\"og:title\" content=\"FAQ - Overlando Campers\" \/>\n<meta property=\"og:description\" content=\"Awesome road trips in Georgia \ud83c\uddec\ud83c\uddea Embark on a great self-driving adventure and explore the beautiful nature of the Caucasus region in style with our fully equipped 4x4 camping cars. Just pack your bags and hit the road!\" \/>\n<meta property=\"og:url\" content=\"https:\/\/overlando.com\/de\/faq\/\" \/>\n<meta property=\"og:site_name\" content=\"Overlando Campers\" \/>\n<meta property=\"article:modified_time\" content=\"2024-01-08T18:30:41+00:00\" \/>\n<meta name=\"twitter:card\" content=\"summary_large_image\" \/>\n<meta name=\"twitter:label1\" content=\"Gesch\u00e4tzte Lesezeit\" \/>\n\t<meta name=\"twitter:data1\" content=\"1\u00a0Minute\" \/>\n<script type=\"application\/ld+json\" class=\"yoast-schema-graph\">{\"@context\":\"https:\\\/\\\/schema.org\",\"@graph\":[{\"@type\":\"WebPage\",\"@id\":\"https:\\\/\\\/overlando.com\\\/de\\\/faq\\\/\",\"url\":\"https:\\\/\\\/overlando.com\\\/de\\\/faq\\\/\",\"name\":\"FAQ - Overlando Campers\",\"isPartOf\":{\"@id\":\"https:\\\/\\\/overlando.com\\\/de\\\/#website\"},\"datePublished\":\"2022-02-17T12:37:01+00:00\",\"dateModified\":\"2024-01-08T18:30:41+00:00\",\"description\":\"Awesome road trips in Georgia \ud83c\uddec\ud83c\uddea Embark on a great self-driving adventure and explore the beautiful nature of the Caucasus region in style with our fully equipped 4x4 camping cars. Just pack your bags and hit the road!\",\"breadcrumb\":{\"@id\":\"https:\\\/\\\/overlando.com\\\/de\\\/faq\\\/#breadcrumb\"},\"inLanguage\":\"de\",\"potentialAction\":[{\"@type\":\"ReadAction\",\"target\":[\"https:\\\/\\\/overlando.com\\\/de\\\/faq\\\/\"]}]},{\"@type\":\"BreadcrumbList\",\"@id\":\"https:\\\/\\\/overlando.com\\\/de\\\/faq\\\/#breadcrumb\",\"itemListElement\":[{\"@type\":\"ListItem\",\"position\":1,\"name\":\"Home\",\"item\":\"https:\\\/\\\/overlando.com\\\/de\\\/startseite\\\/\"},{\"@type\":\"ListItem\",\"position\":2,\"name\":\"FAQ\"}]},{\"@type\":\"WebSite\",\"@id\":\"https:\\\/\\\/overlando.com\\\/de\\\/#website\",\"url\":\"https:\\\/\\\/overlando.com\\\/de\\\/\",\"name\":\"Overlando Campers\",\"description\":\"Campervan rental adventures in Georgia and Armenia\",\"publisher\":{\"@id\":\"https:\\\/\\\/overlando.com\\\/de\\\/#organization\"},\"potentialAction\":[{\"@type\":\"SearchAction\",\"target\":{\"@type\":\"EntryPoint\",\"urlTemplate\":\"https:\\\/\\\/overlando.com\\\/de\\\/?s={search_term_string}\"},\"query-input\":{\"@type\":\"PropertyValueSpecification\",\"valueRequired\":true,\"valueName\":\"search_term_string\"}}],\"inLanguage\":\"de\"},{\"@type\":\"Organization\",\"@id\":\"https:\\\/\\\/overlando.com\\\/de\\\/#organization\",\"name\":\"Overlando Campervans\",\"url\":\"https:\\\/\\\/overlando.com\\\/de\\\/\",\"logo\":{\"@type\":\"ImageObject\",\"inLanguage\":\"de\",\"@id\":\"https:\\\/\\\/overlando.com\\\/de\\\/#\\\/schema\\\/logo\\\/image\\\/\",\"url\":\"https:\\\/\\\/overlando.com\\\/wp-content\\\/uploads\\\/2019\\\/01\\\/OverlandoNew1_rgb.svg\",\"contentUrl\":\"https:\\\/\\\/overlando.com\\\/wp-content\\\/uploads\\\/2019\\\/01\\\/OverlandoNew1_rgb.svg\",\"width\":192,\"height\":200,\"caption\":\"Overlando Campervans\"},\"image\":{\"@id\":\"https:\\\/\\\/overlando.com\\\/de\\\/#\\\/schema\\\/logo\\\/image\\\/\"}}]}<\/script>\n<!-- \/ Yoast SEO plugin. -->","yoast_head_json":{"title":"FAQ - Overlando Campers","description":"Awesome road trips in Georgia \ud83c\uddec\ud83c\uddea Embark on a great self-driving adventure and explore the beautiful nature of the Caucasus region in style with our fully equipped 4x4 camping cars. Just pack your bags and hit the road!","robots":{"index":"index","follow":"follow","max-snippet":"max-snippet:-1","max-image-preview":"max-image-preview:large","max-video-preview":"max-video-preview:-1"},"canonical":"https:\/\/overlando.com\/de\/faq\/","og_locale":"de_DE","og_type":"article","og_title":"FAQ - Overlando Campers","og_description":"Awesome road trips in Georgia \ud83c\uddec\ud83c\uddea Embark on a great self-driving adventure and explore the beautiful nature of the Caucasus region in style with our fully equipped 4x4 camping cars. Just pack your bags and hit the road!","og_url":"https:\/\/overlando.com\/de\/faq\/","og_site_name":"Overlando Campers","article_modified_time":"2024-01-08T18:30:41+00:00","twitter_card":"summary_large_image","twitter_misc":{"Gesch\u00e4tzte Lesezeit":"1\u00a0Minute"},"schema":{"@context":"https:\/\/schema.org","@graph":[{"@type":"WebPage","@id":"https:\/\/overlando.com\/de\/faq\/","url":"https:\/\/overlando.com\/de\/faq\/","name":"FAQ - Overlando Campers","isPartOf":{"@id":"https:\/\/overlando.com\/de\/#website"},"datePublished":"2022-02-17T12:37:01+00:00","dateModified":"2024-01-08T18:30:41+00:00","description":"Awesome road trips in Georgia \ud83c\uddec\ud83c\uddea Embark on a great self-driving adventure and explore the beautiful nature of the Caucasus region in style with our fully equipped 4x4 camping cars. Just pack your bags and hit the road!","breadcrumb":{"@id":"https:\/\/overlando.com\/de\/faq\/#breadcrumb"},"inLanguage":"de","potentialAction":[{"@type":"ReadAction","target":["https:\/\/overlando.com\/de\/faq\/"]}]},{"@type":"BreadcrumbList","@id":"https:\/\/overlando.com\/de\/faq\/#breadcrumb","itemListElement":[{"@type":"ListItem","position":1,"name":"Home","item":"https:\/\/overlando.com\/de\/startseite\/"},{"@type":"ListItem","position":2,"name":"FAQ"}]},{"@type":"WebSite","@id":"https:\/\/overlando.com\/de\/#website","url":"https:\/\/overlando.com\/de\/","name":"Overlando Campers","description":"Campervan rental adventures in Georgia and Armenia","publisher":{"@id":"https:\/\/overlando.com\/de\/#organization"},"potentialAction":[{"@type":"SearchAction","target":{"@type":"EntryPoint","urlTemplate":"https:\/\/overlando.com\/de\/?s={search_term_string}"},"query-input":{"@type":"PropertyValueSpecification","valueRequired":true,"valueName":"search_term_string"}}],"inLanguage":"de"},{"@type":"Organization","@id":"https:\/\/overlando.com\/de\/#organization","name":"Overlando Campervans","url":"https:\/\/overlando.com\/de\/","logo":{"@type":"ImageObject","inLanguage":"de","@id":"https:\/\/overlando.com\/de\/#\/schema\/logo\/image\/","url":"https:\/\/overlando.com\/wp-content\/uploads\/2019\/01\/OverlandoNew1_rgb.svg","contentUrl":"https:\/\/overlando.com\/wp-content\/uploads\/2019\/01\/OverlandoNew1_rgb.svg","width":192,"height":200,"caption":"Overlando Campervans"},"image":{"@id":"https:\/\/overlando.com\/de\/#\/schema\/logo\/image\/"}}]}},"_links":{"self":[{"href":"https:\/\/overlando.com\/de\/wp-json\/wp\/v2\/pages\/14749","targetHints":{"allow":["GET"]}}],"collection":[{"href":"https:\/\/overlando.com\/de\/wp-json\/wp\/v2\/pages"}],"about":[{"href":"https:\/\/overlando.com\/de\/wp-json\/wp\/v2\/types\/page"}],"author":[{"embeddable":true,"href":"https:\/\/overlando.com\/de\/wp-json\/wp\/v2\/users\/1"}],"replies":[{"embeddable":true,"href":"https:\/\/overlando.com\/de\/wp-json\/wp\/v2\/comments?post=14749"}],"version-history":[{"count":16,"href":"https:\/\/overlando.com\/de\/wp-json\/wp\/v2\/pages\/14749\/revisions"}],"predecessor-version":[{"id":17346,"href":"https:\/\/overlando.com\/de\/wp-json\/wp\/v2\/pages\/14749\/revisions\/17346"}],"wp:attachment":[{"href":"https:\/\/overlando.com\/de\/wp-json\/wp\/v2\/media?parent=14749"}],"curies":[{"name":"wp","href":"https:\/\/api.w.org\/{rel}","templated":true}]}}