{"id":14479,"date":"2022-02-09T22:06:09","date_gmt":"2022-02-09T19:06:09","guid":{"rendered":"https:\/\/overlando.com\/warteliste\/"},"modified":"2022-03-05T21:01:10","modified_gmt":"2022-03-05T18:01:10","slug":"warteliste","status":"publish","type":"page","link":"https:\/\/overlando.com\/de\/warteliste\/","title":{"rendered":"Warteliste"},"content":{"rendered":"\n<p>Leider kann es vorkommen, dass alle unsere Camper ausgebucht sind. Falls du informiert werden m\u00f6chtest, sobald eine Reservierung storniert wird und wir wieder etwas f\u00fcr dich zur Verf\u00fcgung haben, kannst du unten deine Daten angeben. Wir halten dich dann auf dem Laufenden!<\/p>\n\n<p>Beachte dabei, dass wir Buchungen nach dem Prinzip \u201eWer zuerst kommt, mahlt zuerst\u201c bearbeiten und im Falle von Stornierungen alle Personen auf der Warteliste gleichzeitig benachrichtigt werden. <\/p>\n\n<div class=\"tnp tnp-subscription \">\n<form method=\"post\" action=\"https:\/\/overlando.com\/de\/?na=s\">\n<input type='hidden' name='nl[]' value='2'>\n<input type=\"hidden\" name=\"nlang\" value=\"de\">\n<div class=\"tnp-field tnp-field-email\"><label for=\"tnp-1\">Email<\/label>\n<input class=\"tnp-email\" type=\"email\" name=\"ne\" id=\"tnp-1\" value=\"\" placeholder=\"\" required><\/div>\n<div class=\"tnp-field tnp-field-profile\"><label for=\"tnp-2\">Which car are you interested in?<\/label>\n<select class=\"tnp-profile tnp-profile-1\" id=\"tnp-profile_1\" name=\"np1\"><option>Any car<\/option><option>UAZ Buhanka<\/option><option>Lada Niva<\/option><option>Toyota Hilux<\/option><option>KIA Bongo<\/option><\/select>\n<\/div>\n<div class=\"tnp-field tnp-field-profile\"><label for=\"tnp-3\">Which period?<\/label>\n<input class=\"tnp-profile tnp-profile-2\" id=\"tnp-profile_2\" type=\"text\" size=\"\" name=\"np2\" placeholder=\"eg. July 2021, 12-25 August\"><\/div>\n<div class=\"tnp-field tnp-field-button\" style=\"text-align: left\"><input class=\"tnp-submit\" type=\"submit\" value=\"Subscribe\" style=\"\">\n<\/div>\n<\/form>\n<\/div>\n\n","protected":false},"excerpt":{"rendered":"<p>Leider kann es vorkommen, dass alle unsere Camper ausgebucht sind. Falls du informiert werden m\u00f6chtest, sobald eine Reservierung storniert wird und wir wieder etwas f\u00fcr dich zur Verf\u00fcgung haben, kannst du unten deine Daten angeben. Wir halten dich dann auf dem Laufenden! Beachte dabei, dass wir Buchungen nach dem Prinzip \u201eWer zuerst kommt, mahlt zuerst\u201c [&hellip;]<\/p>\n","protected":false},"author":1,"featured_media":12485,"parent":0,"menu_order":0,"comment_status":"closed","ping_status":"closed","template":"","meta":{"pgc_sgb_lightbox_settings":"","footnotes":""},"class_list":["post-14479","page","type-page","status-publish","has-post-thumbnail","hentry"],"yoast_head":"<!-- This site is optimized with the Yoast SEO plugin v27.3 - https:\/\/yoast.com\/product\/yoast-seo-wordpress\/ -->\n<title>Warteliste - Overlando Campers<\/title>\n<meta name=\"description\" content=\"Awesome road trips in Georgia \ud83c\uddec\ud83c\uddea Embark on a great self-driving adventure and explore the beautiful nature of the Caucasus region in style with our fully equipped 4x4 camping cars. Just pack your bags and hit the road!\" \/>\n<meta name=\"robots\" content=\"index, follow, max-snippet:-1, max-image-preview:large, max-video-preview:-1\" \/>\n<link rel=\"canonical\" href=\"https:\/\/overlando.com\/de\/warteliste\/\" \/>\n<meta property=\"og:locale\" content=\"de_DE\" \/>\n<meta property=\"og:type\" content=\"article\" \/>\n<meta property=\"og:title\" content=\"Warteliste - Overlando Campers\" \/>\n<meta property=\"og:description\" content=\"Awesome road trips in Georgia \ud83c\uddec\ud83c\uddea Embark on a great self-driving adventure and explore the beautiful nature of the Caucasus region in style with our fully equipped 4x4 camping cars. Just pack your bags and hit the road!\" \/>\n<meta property=\"og:url\" content=\"https:\/\/overlando.com\/de\/warteliste\/\" \/>\n<meta property=\"og:site_name\" content=\"Overlando Campers\" \/>\n<meta property=\"article:modified_time\" content=\"2022-03-05T18:01:10+00:00\" \/>\n<meta property=\"og:image\" content=\"https:\/\/overlando.com\/wp-content\/uploads\/2020\/12\/Overlando-3-scaled.jpg\" \/>\n\t<meta property=\"og:image:width\" content=\"2560\" \/>\n\t<meta property=\"og:image:height\" content=\"1706\" \/>\n\t<meta property=\"og:image:type\" content=\"image\/jpeg\" \/>\n<meta name=\"twitter:card\" content=\"summary_large_image\" \/>\n<script type=\"application\/ld+json\" class=\"yoast-schema-graph\">{\"@context\":\"https:\\\/\\\/schema.org\",\"@graph\":[{\"@type\":\"WebPage\",\"@id\":\"https:\\\/\\\/overlando.com\\\/de\\\/warteliste\\\/\",\"url\":\"https:\\\/\\\/overlando.com\\\/de\\\/warteliste\\\/\",\"name\":\"Warteliste - Overlando Campers\",\"isPartOf\":{\"@id\":\"https:\\\/\\\/overlando.com\\\/de\\\/#website\"},\"primaryImageOfPage\":{\"@id\":\"https:\\\/\\\/overlando.com\\\/de\\\/warteliste\\\/#primaryimage\"},\"image\":{\"@id\":\"https:\\\/\\\/overlando.com\\\/de\\\/warteliste\\\/#primaryimage\"},\"thumbnailUrl\":\"https:\\\/\\\/overlando.com\\\/wp-content\\\/uploads\\\/2020\\\/12\\\/Overlando-3-scaled.jpg\",\"datePublished\":\"2022-02-09T19:06:09+00:00\",\"dateModified\":\"2022-03-05T18:01:10+00:00\",\"description\":\"Awesome road trips in Georgia \ud83c\uddec\ud83c\uddea Embark on a great self-driving adventure and explore the beautiful nature of the Caucasus region in style with our fully equipped 4x4 camping cars. Just pack your bags and hit the road!\",\"breadcrumb\":{\"@id\":\"https:\\\/\\\/overlando.com\\\/de\\\/warteliste\\\/#breadcrumb\"},\"inLanguage\":\"de\",\"potentialAction\":[{\"@type\":\"ReadAction\",\"target\":[\"https:\\\/\\\/overlando.com\\\/de\\\/warteliste\\\/\"]}]},{\"@type\":\"ImageObject\",\"inLanguage\":\"de\",\"@id\":\"https:\\\/\\\/overlando.com\\\/de\\\/warteliste\\\/#primaryimage\",\"url\":\"https:\\\/\\\/overlando.com\\\/wp-content\\\/uploads\\\/2020\\\/12\\\/Overlando-3-scaled.jpg\",\"contentUrl\":\"https:\\\/\\\/overlando.com\\\/wp-content\\\/uploads\\\/2020\\\/12\\\/Overlando-3-scaled.jpg\",\"width\":2560,\"height\":1706,\"caption\":\"UAZ Buhanka Campervan in Vashlovani National Park Photo by Going the Whole Hogg\"},{\"@type\":\"BreadcrumbList\",\"@id\":\"https:\\\/\\\/overlando.com\\\/de\\\/warteliste\\\/#breadcrumb\",\"itemListElement\":[{\"@type\":\"ListItem\",\"position\":1,\"name\":\"Home\",\"item\":\"https:\\\/\\\/overlando.com\\\/de\\\/startseite\\\/\"},{\"@type\":\"ListItem\",\"position\":2,\"name\":\"Warteliste\"}]},{\"@type\":\"WebSite\",\"@id\":\"https:\\\/\\\/overlando.com\\\/de\\\/#website\",\"url\":\"https:\\\/\\\/overlando.com\\\/de\\\/\",\"name\":\"Overlando Campers\",\"description\":\"Campervan rental adventures in Georgia and Armenia\",\"publisher\":{\"@id\":\"https:\\\/\\\/overlando.com\\\/de\\\/#organization\"},\"potentialAction\":[{\"@type\":\"SearchAction\",\"target\":{\"@type\":\"EntryPoint\",\"urlTemplate\":\"https:\\\/\\\/overlando.com\\\/de\\\/?s={search_term_string}\"},\"query-input\":{\"@type\":\"PropertyValueSpecification\",\"valueRequired\":true,\"valueName\":\"search_term_string\"}}],\"inLanguage\":\"de\"},{\"@type\":\"Organization\",\"@id\":\"https:\\\/\\\/overlando.com\\\/de\\\/#organization\",\"name\":\"Overlando Campervans\",\"url\":\"https:\\\/\\\/overlando.com\\\/de\\\/\",\"logo\":{\"@type\":\"ImageObject\",\"inLanguage\":\"de\",\"@id\":\"https:\\\/\\\/overlando.com\\\/de\\\/#\\\/schema\\\/logo\\\/image\\\/\",\"url\":\"https:\\\/\\\/overlando.com\\\/wp-content\\\/uploads\\\/2019\\\/01\\\/OverlandoNew1_rgb.svg\",\"contentUrl\":\"https:\\\/\\\/overlando.com\\\/wp-content\\\/uploads\\\/2019\\\/01\\\/OverlandoNew1_rgb.svg\",\"width\":192,\"height\":200,\"caption\":\"Overlando Campervans\"},\"image\":{\"@id\":\"https:\\\/\\\/overlando.com\\\/de\\\/#\\\/schema\\\/logo\\\/image\\\/\"}}]}<\/script>\n<!-- \/ Yoast SEO plugin. -->","yoast_head_json":{"title":"Warteliste - Overlando Campers","description":"Awesome road trips in Georgia \ud83c\uddec\ud83c\uddea Embark on a great self-driving adventure and explore the beautiful nature of the Caucasus region in style with our fully equipped 4x4 camping cars. Just pack your bags and hit the road!","robots":{"index":"index","follow":"follow","max-snippet":"max-snippet:-1","max-image-preview":"max-image-preview:large","max-video-preview":"max-video-preview:-1"},"canonical":"https:\/\/overlando.com\/de\/warteliste\/","og_locale":"de_DE","og_type":"article","og_title":"Warteliste - Overlando Campers","og_description":"Awesome road trips in Georgia \ud83c\uddec\ud83c\uddea Embark on a great self-driving adventure and explore the beautiful nature of the Caucasus region in style with our fully equipped 4x4 camping cars. Just pack your bags and hit the road!","og_url":"https:\/\/overlando.com\/de\/warteliste\/","og_site_name":"Overlando Campers","article_modified_time":"2022-03-05T18:01:10+00:00","og_image":[{"width":2560,"height":1706,"url":"https:\/\/overlando.com\/wp-content\/uploads\/2020\/12\/Overlando-3-scaled.jpg","type":"image\/jpeg"}],"twitter_card":"summary_large_image","schema":{"@context":"https:\/\/schema.org","@graph":[{"@type":"WebPage","@id":"https:\/\/overlando.com\/de\/warteliste\/","url":"https:\/\/overlando.com\/de\/warteliste\/","name":"Warteliste - Overlando Campers","isPartOf":{"@id":"https:\/\/overlando.com\/de\/#website"},"primaryImageOfPage":{"@id":"https:\/\/overlando.com\/de\/warteliste\/#primaryimage"},"image":{"@id":"https:\/\/overlando.com\/de\/warteliste\/#primaryimage"},"thumbnailUrl":"https:\/\/overlando.com\/wp-content\/uploads\/2020\/12\/Overlando-3-scaled.jpg","datePublished":"2022-02-09T19:06:09+00:00","dateModified":"2022-03-05T18:01:10+00:00","description":"Awesome road trips in Georgia \ud83c\uddec\ud83c\uddea Embark on a great self-driving adventure and explore the beautiful nature of the Caucasus region in style with our fully equipped 4x4 camping cars. Just pack your bags and hit the road!","breadcrumb":{"@id":"https:\/\/overlando.com\/de\/warteliste\/#breadcrumb"},"inLanguage":"de","potentialAction":[{"@type":"ReadAction","target":["https:\/\/overlando.com\/de\/warteliste\/"]}]},{"@type":"ImageObject","inLanguage":"de","@id":"https:\/\/overlando.com\/de\/warteliste\/#primaryimage","url":"https:\/\/overlando.com\/wp-content\/uploads\/2020\/12\/Overlando-3-scaled.jpg","contentUrl":"https:\/\/overlando.com\/wp-content\/uploads\/2020\/12\/Overlando-3-scaled.jpg","width":2560,"height":1706,"caption":"UAZ Buhanka Campervan in Vashlovani National Park Photo by Going the Whole Hogg"},{"@type":"BreadcrumbList","@id":"https:\/\/overlando.com\/de\/warteliste\/#breadcrumb","itemListElement":[{"@type":"ListItem","position":1,"name":"Home","item":"https:\/\/overlando.com\/de\/startseite\/"},{"@type":"ListItem","position":2,"name":"Warteliste"}]},{"@type":"WebSite","@id":"https:\/\/overlando.com\/de\/#website","url":"https:\/\/overlando.com\/de\/","name":"Overlando Campers","description":"Campervan rental adventures in Georgia and Armenia","publisher":{"@id":"https:\/\/overlando.com\/de\/#organization"},"potentialAction":[{"@type":"SearchAction","target":{"@type":"EntryPoint","urlTemplate":"https:\/\/overlando.com\/de\/?s={search_term_string}"},"query-input":{"@type":"PropertyValueSpecification","valueRequired":true,"valueName":"search_term_string"}}],"inLanguage":"de"},{"@type":"Organization","@id":"https:\/\/overlando.com\/de\/#organization","name":"Overlando Campervans","url":"https:\/\/overlando.com\/de\/","logo":{"@type":"ImageObject","inLanguage":"de","@id":"https:\/\/overlando.com\/de\/#\/schema\/logo\/image\/","url":"https:\/\/overlando.com\/wp-content\/uploads\/2019\/01\/OverlandoNew1_rgb.svg","contentUrl":"https:\/\/overlando.com\/wp-content\/uploads\/2019\/01\/OverlandoNew1_rgb.svg","width":192,"height":200,"caption":"Overlando Campervans"},"image":{"@id":"https:\/\/overlando.com\/de\/#\/schema\/logo\/image\/"}}]}},"_links":{"self":[{"href":"https:\/\/overlando.com\/de\/wp-json\/wp\/v2\/pages\/14479","targetHints":{"allow":["GET"]}}],"collection":[{"href":"https:\/\/overlando.com\/de\/wp-json\/wp\/v2\/pages"}],"about":[{"href":"https:\/\/overlando.com\/de\/wp-json\/wp\/v2\/types\/page"}],"author":[{"embeddable":true,"href":"https:\/\/overlando.com\/de\/wp-json\/wp\/v2\/users\/1"}],"replies":[{"embeddable":true,"href":"https:\/\/overlando.com\/de\/wp-json\/wp\/v2\/comments?post=14479"}],"version-history":[{"count":4,"href":"https:\/\/overlando.com\/de\/wp-json\/wp\/v2\/pages\/14479\/revisions"}],"predecessor-version":[{"id":14783,"href":"https:\/\/overlando.com\/de\/wp-json\/wp\/v2\/pages\/14479\/revisions\/14783"}],"wp:featuredmedia":[{"embeddable":true,"href":"https:\/\/overlando.com\/de\/wp-json\/wp\/v2\/media\/12485"}],"wp:attachment":[{"href":"https:\/\/overlando.com\/de\/wp-json\/wp\/v2\/media?parent=14479"}],"curies":[{"name":"wp","href":"https:\/\/api.w.org\/{rel}","templated":true}]}}